{"id":1020,"date":"2022-02-06T16:49:29","date_gmt":"2022-02-06T15:49:29","guid":{"rendered":"https:\/\/www.chatapodhviezdami.sk\/?page_id=1020"},"modified":"2024-09-10T15:36:37","modified_gmt":"2024-09-10T13:36:37","slug":"zabava-relax","status":"publish","type":"page","link":"https:\/\/www.chatapodhviezdami.sk\/?page_id=1020","title":{"rendered":"Z\u00e1bava &#038; Relax"},"content":{"rendered":"\t\t<div data-elementor-type=\"wp-page\" data-elementor-id=\"1020\" class=\"elementor elementor-1020\" data-elementor-settings=\"[]\">\n\t\t\t\t\t\t\t<div class=\"elementor-section-wrap\">\n\t\t\t\t\t\t\t<section data-particle_enable=\"false\" data-particle-mobile-disabled=\"false\" class=\"elementor-section elementor-top-section elementor-element elementor-element-r7wuesz elementor-section-content-middle elementor-section-height-min-height elementor-section-full_width elementor-section-height-default elementor-section-items-middle\" data-id=\"r7wuesz\" data-element_type=\"section\">\n\t\t\t\t\t\t<div class=\"elementor-container elementor-column-gap-no\">\n\t\t\t\t\t<div class=\"elementor-column elementor-col-33 elementor-top-column elementor-element elementor-element-yn4fjlz\" data-id=\"yn4fjlz\" data-element_type=\"column\">\n\t\t\t<div class=\"elementor-widget-wrap elementor-element-populated\">\n\t\t\t\t\t\t\t\t<div class=\"elementor-element elementor-element-e6dd2df elementor-widget elementor-widget-boosted-elements-image-slideshow\" data-id=\"e6dd2df\" data-element_type=\"widget\" data-widget_type=\"boosted-elements-image-slideshow.default\">\n\t\t\t\t<div class=\"elementor-widget-container\">\n\t\t\t\t\n\n\t\n\t\n\t\n\t<div class=\"boosted-elements-progression-image-slideshow-container boosted-elements-dot-navigation\">\n\t\t<div class=\"boosted-elements-fotorama-e6dd2df\" data-nav=\"dots\" data-fit=\"cover\" data-transition=\"crossfade\" data-allowfullscreen=\"true\"  data-autoplay=\"3000\" data-transitionduration=\"300\"  data-keyboard=\"true\" data-arrows=\"true\" data-click=\"false\"  data-loop=\"true\" data-thumbwidth=\"100\" data-thumbheight=\"80\" data-thumbmargin=\"4\" data-thumbborderwidth=\"2\"  data-width=\"100%\" data-height=\"39%\" >\n\t\t\t\t\t\t\t\t\t\t\t\t\t\t\t\t\t\t<a href=\"https:\/\/www.chatapodhviezdami.sk\/wp-content\/uploads\/2024\/09\/1-1.png\" data-thumb=\"https:\/\/www.chatapodhviezdami.sk\/wp-content\/uploads\/2024\/09\/1-1.png\" ><\/a>\n\t\t\t\t\t\t\t\t\t\t\t\t\t\t\t<a href=\"https:\/\/www.chatapodhviezdami.sk\/wp-content\/uploads\/2024\/09\/2-1.png\" data-thumb=\"https:\/\/www.chatapodhviezdami.sk\/wp-content\/uploads\/2024\/09\/2-1.png\" ><\/a>\n\t\t\t\t\t\t\t\t\t\t\t\t\t\t\t<a href=\"https:\/\/www.chatapodhviezdami.sk\/wp-content\/uploads\/2024\/09\/3-1.png\" data-thumb=\"https:\/\/www.chatapodhviezdami.sk\/wp-content\/uploads\/2024\/09\/3-1.png\" ><\/a>\n\t\t\t\t\t\t\t\t\t\t\t\t\t\t\t<a href=\"https:\/\/www.chatapodhviezdami.sk\/wp-content\/uploads\/2024\/09\/4-1.png\" data-thumb=\"https:\/\/www.chatapodhviezdami.sk\/wp-content\/uploads\/2024\/09\/4-1.png\" ><\/a>\n\t\t\t\t\t\t\t\t\t\t\t\t\t\t\t<a href=\"https:\/\/www.chatapodhviezdami.sk\/wp-content\/uploads\/2024\/09\/5-2.png\" data-thumb=\"https:\/\/www.chatapodhviezdami.sk\/wp-content\/uploads\/2024\/09\/5-2.png\" ><\/a>\n\t\t\t\t\t\t\t\t\t\t\t\t\t\t\t<a href=\"https:\/\/www.chatapodhviezdami.sk\/wp-content\/uploads\/2024\/09\/6-2.png\" data-thumb=\"https:\/\/www.chatapodhviezdami.sk\/wp-content\/uploads\/2024\/09\/6-2.png\" ><\/a>\n\t\t\t\t\t\t\t\t\t\t\t\t\t\t\t<a href=\"https:\/\/www.chatapodhviezdami.sk\/wp-content\/uploads\/2024\/09\/7-1.png\" data-thumb=\"https:\/\/www.chatapodhviezdami.sk\/wp-content\/uploads\/2024\/09\/7-1.png\" ><\/a>\n\t\t\t\t\t\t\n\t\t\t<div class=\"clearfix-boosted-element\"><\/div>\n\t\t<\/div>\n\t<\/div><!-- close .boosted-elements-progression-image-slideshow-container -->\n\t\n\t<script type=\"text\/javascript\"> \n\t\t\n\tjQuery(document).ready(function($) {\n\t\t'use strict';\n\t\tsetTimeout(function(){\n\t\t$('.boosted-elements-fotorama-e6dd2df').fotorama();\n\t\t}, 10);\n\t});\n\t<\/script>\n\t\n\t<div class=\"clearfix-boosted-element\"><\/div>\n\t\n\t\t\t<\/div>\n\t\t\t\t<\/div>\n\t\t\t\t\t<\/div>\n\t\t<\/div>\n\t\t\t\t<div class=\"elementor-column elementor-col-66 elementor-top-column elementor-element elementor-element-nukulrf\" data-id=\"nukulrf\" data-element_type=\"column\" data-settings=\"{&quot;background_background&quot;:&quot;classic&quot;}\">\n\t\t\t<div class=\"elementor-widget-wrap elementor-element-populated\">\n\t\t\t\t\t\t\t\t<div class=\"elementor-element elementor-element-g74581b elementor-widget elementor-widget-heading\" data-id=\"g74581b\" data-element_type=\"widget\" data-widget_type=\"heading.default\">\n\t\t\t\t<div class=\"elementor-widget-container\">\n\t\t\t<style>\/*! elementor - v3.5.5 - 03-02-2022 *\/\n.elementor-heading-title{padding:0;margin:0;line-height:1}.elementor-widget-heading .elementor-heading-title[class*=elementor-size-]>a{color:inherit;font-size:inherit;line-height:inherit}.elementor-widget-heading .elementor-heading-title.elementor-size-small{font-size:15px}.elementor-widget-heading .elementor-heading-title.elementor-size-medium{font-size:19px}.elementor-widget-heading .elementor-heading-title.elementor-size-large{font-size:29px}.elementor-widget-heading .elementor-heading-title.elementor-size-xl{font-size:39px}.elementor-widget-heading .elementor-heading-title.elementor-size-xxl{font-size:59px}<\/style><h3 class=\"elementor-heading-title elementor-size-default\">Svadby a oslavy<\/h3>\t\t<\/div>\n\t\t\t\t<\/div>\n\t\t\t\t<div class=\"elementor-element elementor-element-cq7y0v2 elementor-widget elementor-widget-text-editor\" data-id=\"cq7y0v2\" data-element_type=\"widget\" data-widget_type=\"text-editor.default\">\n\t\t\t\t<div class=\"elementor-widget-container\">\n\t\t\t<style>\/*! elementor - v3.5.5 - 03-02-2022 *\/\n.elementor-widget-text-editor.elementor-drop-cap-view-stacked .elementor-drop-cap{background-color:#818a91;color:#fff}.elementor-widget-text-editor.elementor-drop-cap-view-framed .elementor-drop-cap{color:#818a91;border:3px solid;background-color:transparent}.elementor-widget-text-editor:not(.elementor-drop-cap-view-default) .elementor-drop-cap{margin-top:8px}.elementor-widget-text-editor:not(.elementor-drop-cap-view-default) .elementor-drop-cap-letter{width:1em;height:1em}.elementor-widget-text-editor .elementor-drop-cap{float:left;text-align:center;line-height:1;font-size:50px}.elementor-widget-text-editor .elementor-drop-cap-letter{display:inline-block}<\/style>\t\t\t\t<p><span style=\"color: #000000; font-weight: bold; font-kerning: none;\">Mal\u00e9 romantick\u00e9 lesn\u00e9 svadby, nezabudnute\u013en\u00e9 oslavy<\/span><\/p><p class=\"cvGsUA direction-ltr align-start para-style-body\"><span class=\"OYPEnA font-feature-liga-off font-feature-clig-off font-feature-calt-off text-decoration-none text-strikethrough-none\">Svadby alebo oslavy na Chate pod hviezdami s\u00fa najm\u00e4 pre men\u0161ie skupinky, kde ka\u017ed\u00fd hos\u0165 je d\u00f4le\u017eit\u00fd a v\u0161etci sa c\u00edtia by\u0165 s\u00fa\u010das\u0165ou nie\u010doho v\u00fdnimo\u010dn\u00e9ho.<\/span><\/p><p class=\"cvGsUA direction-ltr align-start para-style-body\"><span class=\"OYPEnA font-feature-liga-off font-feature-clig-off font-feature-calt-off text-decoration-none text-strikethrough-none\">Budete ma\u0165 cel\u00fd priestor iba pre seba, \u010do v\u00e1m umo\u017en\u00ed vychutna\u0165 si v\u00fdnimo\u010dn\u00e9 chv\u00edle bez ru\u0161iv\u00fdch elementov.<\/span><\/p><p class=\"cvGsUA direction-ltr align-start para-style-body\"><span class=\"OYPEnA font-feature-liga-off font-feature-clig-off font-feature-calt-off text-decoration-none text-strikethrough-none\">V spolupr\u00e1ci so svadobnou koordin\u00e1torkou a dekorat\u00e9rkou Zuzkou V\u00e1m pon\u00fakame mo\u017enos\u0165 prisp\u00f4sobenia ka\u017ed\u00e9ho detailu &#8211; od v\u00fdzdoby a\u017e po stravu &#8211; pod\u013ea va\u0161ich najtajnej\u0161\u00edch predst\u00e1v.<\/span><\/p>\t\t\t\t\t\t<\/div>\n\t\t\t\t<\/div>\n\t\t\t\t\t<\/div>\n\t\t<\/div>\n\t\t\t\t\t\t\t<\/div>\n\t\t<\/section>\n\t\t\t\t<section data-particle_enable=\"false\" data-particle-mobile-disabled=\"false\" class=\"elementor-section elementor-top-section elementor-element elementor-element-7297594 elementor-section-content-middle elementor-section-height-min-height elementor-section-full_width elementor-section-height-default elementor-section-items-middle\" data-id=\"7297594\" data-element_type=\"section\">\n\t\t\t\t\t\t<div class=\"elementor-container elementor-column-gap-no\">\n\t\t\t\t\t<div class=\"elementor-column elementor-col-33 elementor-top-column elementor-element elementor-element-1259479\" data-id=\"1259479\" data-element_type=\"column\">\n\t\t\t<div class=\"elementor-widget-wrap elementor-element-populated\">\n\t\t\t\t\t\t\t\t<div class=\"elementor-element elementor-element-3891b4b elementor-widget elementor-widget-boosted-elements-image-slideshow\" data-id=\"3891b4b\" data-element_type=\"widget\" data-widget_type=\"boosted-elements-image-slideshow.default\">\n\t\t\t\t<div class=\"elementor-widget-container\">\n\t\t\t\t\n\n\t\n\t\n\t\n\t<div class=\"boosted-elements-progression-image-slideshow-container boosted-elements-dot-navigation\">\n\t\t<div class=\"boosted-elements-fotorama-3891b4b\" data-nav=\"dots\" data-fit=\"cover\" data-transition=\"crossfade\" data-allowfullscreen=\"true\"  data-autoplay=\"3000\" data-transitionduration=\"300\"  data-keyboard=\"true\" data-arrows=\"true\" data-click=\"false\"  data-loop=\"true\" data-thumbwidth=\"100\" data-thumbheight=\"80\" data-thumbmargin=\"4\" data-thumbborderwidth=\"2\"  data-width=\"100%\" data-height=\"39%\" >\n\t\t\t\t\t\t\t\t\t\t\t\t\t\t\t\t\t\t<a href=\"https:\/\/www.chatapodhviezdami.sk\/wp-content\/uploads\/2024\/09\/1-2.png\" data-thumb=\"https:\/\/www.chatapodhviezdami.sk\/wp-content\/uploads\/2024\/09\/1-2.png\" ><\/a>\n\t\t\t\t\t\t\t\t\t\t\t\t\t\t\t<a href=\"https:\/\/www.chatapodhviezdami.sk\/wp-content\/uploads\/2024\/09\/2-2.png\" data-thumb=\"https:\/\/www.chatapodhviezdami.sk\/wp-content\/uploads\/2024\/09\/2-2.png\" ><\/a>\n\t\t\t\t\t\t\t\t\t\t\t\t\t\t\t<a href=\"https:\/\/www.chatapodhviezdami.sk\/wp-content\/uploads\/2024\/09\/3-2.png\" data-thumb=\"https:\/\/www.chatapodhviezdami.sk\/wp-content\/uploads\/2024\/09\/3-2.png\" ><\/a>\n\t\t\t\t\t\t\t\t\t\t\t\t\t\t\t<a href=\"https:\/\/www.chatapodhviezdami.sk\/wp-content\/uploads\/2024\/09\/4-2.png\" data-thumb=\"https:\/\/www.chatapodhviezdami.sk\/wp-content\/uploads\/2024\/09\/4-2.png\" ><\/a>\n\t\t\t\t\t\t\t\t\t\t\t\t\t\t\t<a href=\"https:\/\/www.chatapodhviezdami.sk\/wp-content\/uploads\/2024\/09\/5-3.png\" data-thumb=\"https:\/\/www.chatapodhviezdami.sk\/wp-content\/uploads\/2024\/09\/5-3.png\" ><\/a>\n\t\t\t\t\t\t\n\t\t\t<div class=\"clearfix-boosted-element\"><\/div>\n\t\t<\/div>\n\t<\/div><!-- close .boosted-elements-progression-image-slideshow-container -->\n\t\n\t<script type=\"text\/javascript\"> \n\t\t\n\tjQuery(document).ready(function($) {\n\t\t'use strict';\n\t\tsetTimeout(function(){\n\t\t$('.boosted-elements-fotorama-3891b4b').fotorama();\n\t\t}, 10);\n\t});\n\t<\/script>\n\t\n\t<div class=\"clearfix-boosted-element\"><\/div>\n\t\n\t\t\t<\/div>\n\t\t\t\t<\/div>\n\t\t\t\t\t<\/div>\n\t\t<\/div>\n\t\t\t\t<div class=\"elementor-column elementor-col-66 elementor-top-column elementor-element elementor-element-d2ac81f\" data-id=\"d2ac81f\" data-element_type=\"column\" data-settings=\"{&quot;background_background&quot;:&quot;classic&quot;}\">\n\t\t\t<div class=\"elementor-widget-wrap elementor-element-populated\">\n\t\t\t\t\t\t\t\t<div class=\"elementor-element elementor-element-501e377 elementor-widget elementor-widget-heading\" data-id=\"501e377\" data-element_type=\"widget\" data-widget_type=\"heading.default\">\n\t\t\t\t<div class=\"elementor-widget-container\">\n\t\t\t<h3 class=\"elementor-heading-title elementor-size-default\">Teambuildingy, brainstormingy, \u0161kolenia<\/h3>\t\t<\/div>\n\t\t\t\t<\/div>\n\t\t\t\t<div class=\"elementor-element elementor-element-7db1d3f elementor-widget elementor-widget-text-editor\" data-id=\"7db1d3f\" data-element_type=\"widget\" data-widget_type=\"text-editor.default\">\n\t\t\t\t<div class=\"elementor-widget-container\">\n\t\t\t\t\t\t\t<p><span style=\"color: #000000; font-weight: bold; font-kerning: none;\">Doprajte svojmu t\u00edmu nezabudnute\u013en\u00fd teambuilding, na\u010derpajte in<\/span><span style=\"color: #000000; font-weight: bold;\">\u0161pir\u00e1ciu a s\u00fastre\u010fte sa na va\u0161e ciele.<\/span><\/p><p><span class=\"OYPEnA font-feature-liga-off font-feature-clig-off font-feature-calt-off text-decoration-none text-strikethrough-none\">Ako mana\u017e\u00e9r viete, \u017ee \u00faspech firmy z\u00e1vis\u00ed na silnom a zjednotenom t\u00edme. <\/span><\/p><p><span class=\"OYPEnA font-feature-liga-off font-feature-clig-off font-feature-calt-off text-decoration-none text-strikethrough-none\">Urobte krok navy\u0161e a vezmite svojich podriaden\u00fdch na nezabudnute\u013en\u00fd teambuilding do pr\u00edrody. Chata pod hviezdami pon\u00faka ide\u00e1lne prostredie na preh\u013abenie t\u00edmovej spolupr\u00e1ce, posilnenie vz\u0165ahov a na\u010derpanie novej energie.<\/span><\/p><p>Pon\u00fakame V\u00e1m<\/p><ul><li><span class=\"OYPEnA font-feature-liga-off font-feature-clig-off font-feature-calt-off text-decoration-none text-strikethrough-none\">ticho a pokoj pr\u00edrody pre maxim\u00e1lnu koncentr\u00e1ciu<\/span><\/li><li><span class=\"OYPEnA font-feature-liga-off font-feature-clig-off font-feature-calt-off text-decoration-none text-strikethrough-none\">komfortn\u00e9 vybavenie pre va\u0161e pracovn\u00e9 stretnutia<\/span><\/li><li><span class=\"OYPEnA font-feature-liga-off font-feature-clig-off font-feature-calt-off text-decoration-none text-strikethrough-none\">priestor pre kreativitu<\/span><\/li><\/ul><p class=\"cvGsUA direction-ltr align-start para-style-body\"><span class=\"OYPEnA font-feature-liga-off font-feature-clig-off font-feature-calt-off text-decoration-none text-strikethrough-none\">Mo\u017enos\u0165 zabezpe\u010denia stravy a<\/span> <span class=\"OYPEnA font-feature-liga-off font-feature-clig-off font-feature-calt-off text-decoration-none text-strikethrough-none\">ob\u010derstvenia.<\/span><\/p>\t\t\t\t\t\t<\/div>\n\t\t\t\t<\/div>\n\t\t\t\t\t<\/div>\n\t\t<\/div>\n\t\t\t\t\t\t\t<\/div>\n\t\t<\/section>\n\t\t\t\t<section data-particle_enable=\"false\" data-particle-mobile-disabled=\"false\" class=\"elementor-section elementor-top-section elementor-element elementor-element-b301547 elementor-section-content-middle elementor-section-height-min-height elementor-section-full_width elementor-section-height-default elementor-section-items-middle\" data-id=\"b301547\" data-element_type=\"section\">\n\t\t\t\t\t\t<div class=\"elementor-container elementor-column-gap-no\">\n\t\t\t\t\t<div class=\"elementor-column elementor-col-33 elementor-top-column elementor-element elementor-element-2ad3e34\" data-id=\"2ad3e34\" data-element_type=\"column\">\n\t\t\t<div class=\"elementor-widget-wrap elementor-element-populated\">\n\t\t\t\t\t\t\t\t<div class=\"elementor-element elementor-element-b9e1544 elementor-widget elementor-widget-boosted-elements-image-slideshow\" data-id=\"b9e1544\" data-element_type=\"widget\" data-widget_type=\"boosted-elements-image-slideshow.default\">\n\t\t\t\t<div class=\"elementor-widget-container\">\n\t\t\t\t\n\n\t\n\t\n\t\n\t<div class=\"boosted-elements-progression-image-slideshow-container boosted-elements-dot-navigation\">\n\t\t<div class=\"boosted-elements-fotorama-b9e1544\" data-nav=\"dots\" data-fit=\"cover\" data-transition=\"crossfade\" data-allowfullscreen=\"true\"  data-autoplay=\"3000\" data-transitionduration=\"300\"  data-keyboard=\"true\" data-arrows=\"true\" data-click=\"false\"  data-loop=\"true\" data-thumbwidth=\"100\" data-thumbheight=\"80\" data-thumbmargin=\"4\" data-thumbborderwidth=\"2\"  data-width=\"100%\" data-height=\"39%\" >\n\t\t\t\t\t\t\t\t\t\t\t\t\t\t\t\t\t\t<a href=\"https:\/\/www.chatapodhviezdami.sk\/wp-content\/uploads\/2024\/09\/1-3.png\" data-thumb=\"https:\/\/www.chatapodhviezdami.sk\/wp-content\/uploads\/2024\/09\/1-3.png\" ><\/a>\n\t\t\t\t\t\t\t\t\t\t\t\t\t\t\t<a href=\"https:\/\/www.chatapodhviezdami.sk\/wp-content\/uploads\/2024\/09\/2-3.png\" data-thumb=\"https:\/\/www.chatapodhviezdami.sk\/wp-content\/uploads\/2024\/09\/2-3.png\" ><\/a>\n\t\t\t\t\t\t\t\t\t\t\t\t\t\t\t<a href=\"https:\/\/www.chatapodhviezdami.sk\/wp-content\/uploads\/2024\/09\/3-3.png\" data-thumb=\"https:\/\/www.chatapodhviezdami.sk\/wp-content\/uploads\/2024\/09\/3-3.png\" ><\/a>\n\t\t\t\t\t\t\t\t\t\t\t\t\t\t\t<a href=\"https:\/\/www.chatapodhviezdami.sk\/wp-content\/uploads\/2024\/09\/4-3.png\" data-thumb=\"https:\/\/www.chatapodhviezdami.sk\/wp-content\/uploads\/2024\/09\/4-3.png\" ><\/a>\n\t\t\t\t\t\t\n\t\t\t<div class=\"clearfix-boosted-element\"><\/div>\n\t\t<\/div>\n\t<\/div><!-- close .boosted-elements-progression-image-slideshow-container -->\n\t\n\t<script type=\"text\/javascript\"> \n\t\t\n\tjQuery(document).ready(function($) {\n\t\t'use strict';\n\t\tsetTimeout(function(){\n\t\t$('.boosted-elements-fotorama-b9e1544').fotorama();\n\t\t}, 10);\n\t});\n\t<\/script>\n\t\n\t<div class=\"clearfix-boosted-element\"><\/div>\n\t\n\t\t\t<\/div>\n\t\t\t\t<\/div>\n\t\t\t\t\t<\/div>\n\t\t<\/div>\n\t\t\t\t<div class=\"elementor-column elementor-col-66 elementor-top-column elementor-element elementor-element-81042c2\" data-id=\"81042c2\" data-element_type=\"column\" data-settings=\"{&quot;background_background&quot;:&quot;classic&quot;}\">\n\t\t\t<div class=\"elementor-widget-wrap elementor-element-populated\">\n\t\t\t\t\t\t\t\t<div class=\"elementor-element elementor-element-bbd7510 elementor-widget elementor-widget-heading\" data-id=\"bbd7510\" data-element_type=\"widget\" data-widget_type=\"heading.default\">\n\t\t\t\t<div class=\"elementor-widget-container\">\n\t\t\t<h3 class=\"elementor-heading-title elementor-size-default\">Jogov\u00e9 a sebarozvojov\u00e9 pobyty<\/h3>\t\t<\/div>\n\t\t\t\t<\/div>\n\t\t\t\t<div class=\"elementor-element elementor-element-62fff4b elementor-widget elementor-widget-text-editor\" data-id=\"62fff4b\" data-element_type=\"widget\" data-widget_type=\"text-editor.default\">\n\t\t\t\t<div class=\"elementor-widget-container\">\n\t\t\t\t\t\t\t<p><span style=\"color: #000000; font-weight: bold;\"><strong>Objavte pokoj a vn\u00fatorn\u00fa rovnov\u00e1hu<\/strong> v srdci pr\u00edrody, \u010faleko od ruchu mesta, na na\u0161ej &#8222;Chate pod hviezdami&#8220;, ktor\u00e1 je obklopen\u00e1 lesom a nekone\u010dnou oblohou..<\/span><\/p><p>Predstavte si, \u017ee svoj de\u0148 za\u010d\u00ednate hodinou jogy pri v\u00fdchode slnka uprostred \u0161uchotaj\u00faceho l\u00edstia a \u010derstv\u00e9ho lesn\u00e9ho vzduchu, pri\u010dom si vychutn\u00e1te pokoj okolia, ke\u010f sa natiahnete a vycentrujete svoju myse\u013e a telo.<\/p><p>Pre t\u00fdch, ktor\u00ed h\u013eadaj\u00fa osobn\u00fd rast a sebaobjavenie, na\u0161a chata pon\u00faka ide\u00e1lne miesto pre sebarozvoj a cestu k vn\u00fatornej transform\u00e1cii.<br \/><br \/>Okrem priestorov chaty v\u00e1m pon\u00fakame aj mal\u00fa medita\u010dn\u00fa miestnos\u0165 pre va\u0161e rozhovory so svojim vn\u00fatrom.<\/p>\t\t\t\t\t\t<\/div>\n\t\t\t\t<\/div>\n\t\t\t\t\t<\/div>\n\t\t<\/div>\n\t\t\t\t\t\t\t<\/div>\n\t\t<\/section>\n\t\t\t\t\t\t<\/div>\n\t\t\t\t\t<\/div>\n\t\t","protected":false},"excerpt":{"rendered":"<p>Svadby a oslavy Mal\u00e9 romantick\u00e9 lesn\u00e9 svadby, nezabudnute\u013en\u00e9 oslavy Svadby alebo oslavy na Chate pod hviezdami s\u00fa najm\u00e4 pre men\u0161ie skupinky, kde ka\u017ed\u00fd hos\u0165 je d\u00f4le\u017eit\u00fd a v\u0161etci sa c\u00edtia by\u0165 s\u00fa\u010das\u0165ou nie\u010doho v\u00fdnimo\u010dn\u00e9ho. Budete ma\u0165 cel\u00fd priestor iba pre seba, \u010do v\u00e1m umo\u017en\u00ed vychutna\u0165 si v\u00fdnimo\u010dn\u00e9 chv\u00edle bez ru\u0161iv\u00fdch elementov. V spolupr\u00e1ci so svadobnou [&hellip;]<\/p>\n","protected":false},"author":1,"featured_media":0,"parent":0,"menu_order":0,"comment_status":"closed","ping_status":"closed","template":"","meta":{"footnotes":""},"class_list":["post-1020","page","type-page","status-publish","hentry"],"yoast_head":"<!-- This site is optimized with the Yoast SEO plugin v18.0 - https:\/\/yoast.com\/wordpress\/plugins\/seo\/ -->\n<title>Z\u00e1bava &amp; Relax - Chata pod hviezdami<\/title>\n<meta name=\"robots\" content=\"index, follow, max-snippet:-1, max-image-preview:large, max-video-preview:-1\" \/>\n<link rel=\"canonical\" href=\"https:\/\/www.chatapodhviezdami.sk\/?page_id=1020\" \/>\n<meta property=\"og:locale\" content=\"sk_SK\" \/>\n<meta property=\"og:type\" content=\"article\" \/>\n<meta property=\"og:title\" content=\"Z\u00e1bava &amp; Relax - Chata pod hviezdami\" \/>\n<meta property=\"og:description\" content=\"Svadby a oslavy Mal\u00e9 romantick\u00e9 lesn\u00e9 svadby, nezabudnute\u013en\u00e9 oslavy Svadby alebo oslavy na Chate pod hviezdami s\u00fa najm\u00e4 pre men\u0161ie skupinky, kde ka\u017ed\u00fd hos\u0165 je d\u00f4le\u017eit\u00fd a v\u0161etci sa c\u00edtia by\u0165 s\u00fa\u010das\u0165ou nie\u010doho v\u00fdnimo\u010dn\u00e9ho. Budete ma\u0165 cel\u00fd priestor iba pre seba, \u010do v\u00e1m umo\u017en\u00ed vychutna\u0165 si v\u00fdnimo\u010dn\u00e9 chv\u00edle bez ru\u0161iv\u00fdch elementov. V spolupr\u00e1ci so svadobnou [&hellip;]\" \/>\n<meta property=\"og:url\" content=\"https:\/\/www.chatapodhviezdami.sk\/?page_id=1020\" \/>\n<meta property=\"og:site_name\" content=\"Chata pod hviezdami\" \/>\n<meta property=\"article:publisher\" content=\"https:\/\/www.facebook.com\/Chata-pod-hviezdami-462975457113784\/\" \/>\n<meta property=\"article:modified_time\" content=\"2024-09-10T13:36:37+00:00\" \/>\n<meta name=\"twitter:card\" content=\"summary_large_image\" \/>\n<meta name=\"twitter:label1\" content=\"Predpokladan\u00fd \u010das \u010d\u00edtania\" \/>\n\t<meta name=\"twitter:data1\" content=\"4 min\u00faty\" \/>\n<script type=\"application\/ld+json\" class=\"yoast-schema-graph\">{\"@context\":\"https:\/\/schema.org\",\"@graph\":[{\"@type\":\"WebSite\",\"@id\":\"https:\/\/www.chatapodhviezdami.sk\/#website\",\"url\":\"https:\/\/www.chatapodhviezdami.sk\/\",\"name\":\"Chata pod hviezdami\",\"description\":\"Web ubytovacieho zariadenia Chata pod hviezdami\",\"potentialAction\":[{\"@type\":\"SearchAction\",\"target\":{\"@type\":\"EntryPoint\",\"urlTemplate\":\"https:\/\/www.chatapodhviezdami.sk\/?s={search_term_string}\"},\"query-input\":\"required name=search_term_string\"}],\"inLanguage\":\"sk-SK\"},{\"@type\":\"WebPage\",\"@id\":\"https:\/\/www.chatapodhviezdami.sk\/?page_id=1020#webpage\",\"url\":\"https:\/\/www.chatapodhviezdami.sk\/?page_id=1020\",\"name\":\"Z\u00e1bava & Relax - Chata pod hviezdami\",\"isPartOf\":{\"@id\":\"https:\/\/www.chatapodhviezdami.sk\/#website\"},\"datePublished\":\"2022-02-06T15:49:29+00:00\",\"dateModified\":\"2024-09-10T13:36:37+00:00\",\"breadcrumb\":{\"@id\":\"https:\/\/www.chatapodhviezdami.sk\/?page_id=1020#breadcrumb\"},\"inLanguage\":\"sk-SK\",\"potentialAction\":[{\"@type\":\"ReadAction\",\"target\":[\"https:\/\/www.chatapodhviezdami.sk\/?page_id=1020\"]}]},{\"@type\":\"BreadcrumbList\",\"@id\":\"https:\/\/www.chatapodhviezdami.sk\/?page_id=1020#breadcrumb\",\"itemListElement\":[{\"@type\":\"ListItem\",\"position\":1,\"name\":\"Home\",\"item\":\"https:\/\/www.chatapodhviezdami.sk\/\"},{\"@type\":\"ListItem\",\"position\":2,\"name\":\"Z\u00e1bava &#038; Relax\"}]}]}<\/script>\n<!-- \/ Yoast SEO plugin. -->","yoast_head_json":{"title":"Z\u00e1bava & Relax - Chata pod hviezdami","robots":{"index":"index","follow":"follow","max-snippet":"max-snippet:-1","max-image-preview":"max-image-preview:large","max-video-preview":"max-video-preview:-1"},"canonical":"https:\/\/www.chatapodhviezdami.sk\/?page_id=1020","og_locale":"sk_SK","og_type":"article","og_title":"Z\u00e1bava & Relax - Chata pod hviezdami","og_description":"Svadby a oslavy Mal\u00e9 romantick\u00e9 lesn\u00e9 svadby, nezabudnute\u013en\u00e9 oslavy Svadby alebo oslavy na Chate pod hviezdami s\u00fa najm\u00e4 pre men\u0161ie skupinky, kde ka\u017ed\u00fd hos\u0165 je d\u00f4le\u017eit\u00fd a v\u0161etci sa c\u00edtia by\u0165 s\u00fa\u010das\u0165ou nie\u010doho v\u00fdnimo\u010dn\u00e9ho. Budete ma\u0165 cel\u00fd priestor iba pre seba, \u010do v\u00e1m umo\u017en\u00ed vychutna\u0165 si v\u00fdnimo\u010dn\u00e9 chv\u00edle bez ru\u0161iv\u00fdch elementov. V spolupr\u00e1ci so svadobnou [&hellip;]","og_url":"https:\/\/www.chatapodhviezdami.sk\/?page_id=1020","og_site_name":"Chata pod hviezdami","article_publisher":"https:\/\/www.facebook.com\/Chata-pod-hviezdami-462975457113784\/","article_modified_time":"2024-09-10T13:36:37+00:00","twitter_card":"summary_large_image","twitter_misc":{"Predpokladan\u00fd \u010das \u010d\u00edtania":"4 min\u00faty"},"schema":{"@context":"https:\/\/schema.org","@graph":[{"@type":"WebSite","@id":"https:\/\/www.chatapodhviezdami.sk\/#website","url":"https:\/\/www.chatapodhviezdami.sk\/","name":"Chata pod hviezdami","description":"Web ubytovacieho zariadenia Chata pod hviezdami","potentialAction":[{"@type":"SearchAction","target":{"@type":"EntryPoint","urlTemplate":"https:\/\/www.chatapodhviezdami.sk\/?s={search_term_string}"},"query-input":"required name=search_term_string"}],"inLanguage":"sk-SK"},{"@type":"WebPage","@id":"https:\/\/www.chatapodhviezdami.sk\/?page_id=1020#webpage","url":"https:\/\/www.chatapodhviezdami.sk\/?page_id=1020","name":"Z\u00e1bava & Relax - Chata pod hviezdami","isPartOf":{"@id":"https:\/\/www.chatapodhviezdami.sk\/#website"},"datePublished":"2022-02-06T15:49:29+00:00","dateModified":"2024-09-10T13:36:37+00:00","breadcrumb":{"@id":"https:\/\/www.chatapodhviezdami.sk\/?page_id=1020#breadcrumb"},"inLanguage":"sk-SK","potentialAction":[{"@type":"ReadAction","target":["https:\/\/www.chatapodhviezdami.sk\/?page_id=1020"]}]},{"@type":"BreadcrumbList","@id":"https:\/\/www.chatapodhviezdami.sk\/?page_id=1020#breadcrumb","itemListElement":[{"@type":"ListItem","position":1,"name":"Home","item":"https:\/\/www.chatapodhviezdami.sk\/"},{"@type":"ListItem","position":2,"name":"Z\u00e1bava &#038; Relax"}]}]}},"_links":{"self":[{"href":"https:\/\/www.chatapodhviezdami.sk\/index.php?rest_route=\/wp\/v2\/pages\/1020","targetHints":{"allow":["GET"]}}],"collection":[{"href":"https:\/\/www.chatapodhviezdami.sk\/index.php?rest_route=\/wp\/v2\/pages"}],"about":[{"href":"https:\/\/www.chatapodhviezdami.sk\/index.php?rest_route=\/wp\/v2\/types\/page"}],"author":[{"embeddable":true,"href":"https:\/\/www.chatapodhviezdami.sk\/index.php?rest_route=\/wp\/v2\/users\/1"}],"replies":[{"embeddable":true,"href":"https:\/\/www.chatapodhviezdami.sk\/index.php?rest_route=%2Fwp%2Fv2%2Fcomments&post=1020"}],"version-history":[{"count":6,"href":"https:\/\/www.chatapodhviezdami.sk\/index.php?rest_route=\/wp\/v2\/pages\/1020\/revisions"}],"predecessor-version":[{"id":1473,"href":"https:\/\/www.chatapodhviezdami.sk\/index.php?rest_route=\/wp\/v2\/pages\/1020\/revisions\/1473"}],"wp:attachment":[{"href":"https:\/\/www.chatapodhviezdami.sk\/index.php?rest_route=%2Fwp%2Fv2%2Fmedia&parent=1020"}],"curies":[{"name":"wp","href":"https:\/\/api.w.org\/{rel}","templated":true}]}}